{"id":95,"date":"2023-12-07T17:16:17","date_gmt":"2023-12-07T17:16:17","guid":{"rendered":"https:\/\/therese-uytenborg.nl\/?page_id=95"},"modified":"2025-09-11T12:08:37","modified_gmt":"2025-09-11T12:08:37","slug":"wie-ben-ik","status":"publish","type":"page","link":"https:\/\/therese-uytenborg.nl\/?page_id=95","title":{"rendered":"Wie ben ik?"},"content":{"rendered":"\t\t<div data-elementor-type=\"wp-page\" data-elementor-id=\"95\" class=\"elementor elementor-95\" data-elementor-post-type=\"page\">\n\t\t\t\t<div class=\"elementor-element elementor-element-c94f125 e-flex e-con-boxed e-con e-parent\" data-id=\"c94f125\" data-element_type=\"container\">\n\t\t\t\t\t<div class=\"e-con-inner\">\n\t\t\t\t<div class=\"elementor-element elementor-element-aa6e1cd elementor-widget elementor-widget-spacer\" data-id=\"aa6e1cd\" data-element_type=\"widget\" data-widget_type=\"spacer.default\">\n\t\t\t\t<div class=\"elementor-widget-container\">\n\t\t\t\t\t\t\t<div class=\"elementor-spacer\">\n\t\t\t<div class=\"elementor-spacer-inner\"><\/div>\n\t\t<\/div>\n\t\t\t\t\t\t<\/div>\n\t\t\t\t<\/div>\n\t\t\t\t<div class=\"elementor-element elementor-element-a2fcd42 elementor-widget elementor-widget-heading\" data-id=\"a2fcd42\" data-element_type=\"widget\" data-widget_type=\"heading.default\">\n\t\t\t\t<div class=\"elementor-widget-container\">\n\t\t\t\t\t<h2 class=\"elementor-heading-title elementor-size-default\">Th\u00e9r\u00e8se Uytenborg<\/h2>\t\t\t\t<\/div>\n\t\t\t\t<\/div>\n\t\t\t\t\t<\/div>\n\t\t\t\t<\/div>\n\t\t<div class=\"elementor-element elementor-element-c091f4e e-flex e-con-boxed e-con e-parent\" data-id=\"c091f4e\" data-element_type=\"container\">\n\t\t\t\t\t<div class=\"e-con-inner\">\n\t\t\t\t<div class=\"elementor-element elementor-element-ecb7015 elementor-widget elementor-widget-image\" data-id=\"ecb7015\" data-element_type=\"widget\" data-widget_type=\"image.default\">\n\t\t\t\t<div class=\"elementor-widget-container\">\n\t\t\t\t\t\t\t\t\t\t\t\t\t\t\t<img fetchpriority=\"high\" decoding=\"async\" width=\"768\" height=\"576\" src=\"https:\/\/therese-uytenborg.nl\/wp-content\/uploads\/2024\/03\/Therese-768x576.png\" class=\"attachment-medium_large size-medium_large wp-image-455\" alt=\"\" srcset=\"https:\/\/therese-uytenborg.nl\/wp-content\/uploads\/2024\/03\/Therese-768x576.png 768w, https:\/\/therese-uytenborg.nl\/wp-content\/uploads\/2024\/03\/Therese-300x225.png 300w, https:\/\/therese-uytenborg.nl\/wp-content\/uploads\/2024\/03\/Therese.png 956w\" sizes=\"(max-width: 768px) 100vw, 768px\" \/>\t\t\t\t\t\t\t\t\t\t\t\t\t\t\t<\/div>\n\t\t\t\t<\/div>\n\t\t\t\t\t<\/div>\n\t\t\t\t<\/div>\n\t\t<div class=\"elementor-element elementor-element-ada4ea2 e-flex e-con-boxed e-con e-parent\" data-id=\"ada4ea2\" data-element_type=\"container\">\n\t\t\t\t\t<div class=\"e-con-inner\">\n\t\t\t\t<div class=\"elementor-element elementor-element-bc7ab90 elementor-widget elementor-widget-spacer\" data-id=\"bc7ab90\" data-element_type=\"widget\" data-widget_type=\"spacer.default\">\n\t\t\t\t<div class=\"elementor-widget-container\">\n\t\t\t\t\t\t\t<div class=\"elementor-spacer\">\n\t\t\t<div class=\"elementor-spacer-inner\"><\/div>\n\t\t<\/div>\n\t\t\t\t\t\t<\/div>\n\t\t\t\t<\/div>\n\t\t\t\t\t<\/div>\n\t\t\t\t<\/div>\n\t\t<div class=\"elementor-element elementor-element-67dcf5e e-flex e-con-boxed e-con e-parent\" data-id=\"67dcf5e\" data-element_type=\"container\">\n\t\t\t\t\t<div class=\"e-con-inner\">\n\t\t\t\t<div class=\"elementor-element elementor-element-78837bf elementor-widget elementor-widget-text-editor\" data-id=\"78837bf\" data-element_type=\"widget\" data-widget_type=\"text-editor.default\">\n\t\t\t\t<div class=\"elementor-widget-container\">\n\t\t\t\t\t\t\t\t\t<p>Th\u00e9r\u00e8se heeft haar opleiding genoten in Frankrijk, de USA en de Vrije Academie in Den<br>Haag.<\/p>\n<p>Vooral bij laatstgenoemde vond er, door deelname aan het project \u201cDe lijn\u201d, een<br>omslag in haar werk plaats.<br>De figuratie werd verlaten en het accent kwam meer te liggen op abstractie.<br>Door veel te experimenteren werd elk thema uitgediept.<br>De nieuwsgierigheid naar wat er gebeurt als je bepaalde elementen verandert,<br>weglaat of toevoegt leidt weer tot nieuwe ontdekkingen!<\/p>\n<p>Ze werkt in series en de onderwerpen zijn heel divers.<br>Zo kan ze geboeid raken door een object dat toevallig op haar weg komt, door iets<br>wat ze ziet of leest in de krant, een herinnering of iets waar in het voorbijgaan<br>zomaar haar oog op valt.<br>Maar ook een simpele lijn en vorm kunnen haar inspireren.<br>Dat kan enerzijds resulteren in minimalistische tekeningen en anderzijds in<br>uitbundige schilderijen.<\/p>\n<p>Veelzijdigheid is een kenmerk in haar werk.<br>Ook keert de figuratie soms op een geheel andere wijze terug.<br>Het is een zoektocht naar een reductie tot het wezenlijke, een herformulering en<br>bewustwording van de wereld om ons heen.<\/p>\n<p>\u201cKunst ontroert, verwart, troost, leidt tot zelfreflectie, maakt mensen stil en<br>contemplatief\u201d. (Citaat Andr\u00e9 Waardenburg)<\/p>\n<p><img decoding=\"async\" class=\"size-medium wp-image-642 aligncenter\" src=\"https:\/\/therese-uytenborg.nl\/wp-content\/uploads\/2025\/09\/image_2025-09-11_140407427-225x300.png\" alt=\"\" width=\"225\" height=\"300\" srcset=\"https:\/\/therese-uytenborg.nl\/wp-content\/uploads\/2025\/09\/image_2025-09-11_140407427-225x300.png 225w, https:\/\/therese-uytenborg.nl\/wp-content\/uploads\/2025\/09\/image_2025-09-11_140407427-768x1025.png 768w, https:\/\/therese-uytenborg.nl\/wp-content\/uploads\/2025\/09\/image_2025-09-11_140407427.png 940w\" sizes=\"(max-width: 225px) 100vw, 225px\" \/><\/p>\n<p><span lang=\"NL\"><b>Selectie exposities;<\/b><\/span><\/p>\n<p style=\"text-indent: -18.0pt; mso-list: l0 level1 lfo1;\"><!-- [if !supportLists]--><span lang=\"NL\" style=\"font-family: Symbol; mso-fareast-font-family: Symbol; mso-bidi-font-family: Symbol; mso-ansi-language: NL;\">\u00b7<span style=\"font-variant-numeric: normal; font-variant-east-asian: normal; font-variant-alternates: normal; font-size-adjust: none; font-kerning: auto; font-optical-sizing: auto; font-feature-settings: normal; font-variation-settings: normal; font-variant-position: normal; font-variant-emoji: normal; font-stretch: normal; font-size: 7pt; line-height: normal; font-family: 'Times New Roman';\">&nbsp;&nbsp;&nbsp;&nbsp;&nbsp;&nbsp; <\/span><\/span><!--[endif]--><span lang=\"NL\">Cultureel Centrum De Tuyter, Krimpen a\/d<br>IJssel<\/span><\/p>\n<p style=\"text-indent: -18.0pt; mso-list: l0 level1 lfo1;\"><!-- [if !supportLists]--><span lang=\"NL\" style=\"font-family: Symbol; mso-fareast-font-family: Symbol; mso-bidi-font-family: Symbol; mso-ansi-language: NL;\">\u00b7<span style=\"font-variant-numeric: normal; font-variant-east-asian: normal; font-variant-alternates: normal; font-size-adjust: none; font-kerning: auto; font-optical-sizing: auto; font-feature-settings: normal; font-variation-settings: normal; font-variant-position: normal; font-variant-emoji: normal; font-stretch: normal; font-size: 7pt; line-height: normal; font-family: 'Times New Roman';\">&nbsp;&nbsp;&nbsp;&nbsp;&nbsp;&nbsp; <\/span><\/span><!--[endif]--><span lang=\"NL\">Galerij Erasmus, Rotterdam<\/span><\/p>\n<p style=\"text-indent: -18.0pt; mso-list: l0 level1 lfo1;\"><!-- [if !supportLists]--><span lang=\"NL\" style=\"font-family: Symbol; mso-fareast-font-family: Symbol; mso-bidi-font-family: Symbol; mso-ansi-language: NL;\">\u00b7<span style=\"font-variant-numeric: normal; font-variant-east-asian: normal; font-variant-alternates: normal; font-size-adjust: none; font-kerning: auto; font-optical-sizing: auto; font-feature-settings: normal; font-variation-settings: normal; font-variant-position: normal; font-variant-emoji: normal; font-stretch: normal; font-size: 7pt; line-height: normal; font-family: 'Times New Roman';\">&nbsp;&nbsp;&nbsp;&nbsp;&nbsp;&nbsp; <\/span><\/span><!--[endif]--><span lang=\"NL\">De Zaag, Krimpen a\/d Lek&nbsp; <\/span><\/p>\n<p style=\"text-indent: -18.0pt; mso-list: l0 level1 lfo1;\"><!-- [if !supportLists]--><span lang=\"NL\" style=\"font-family: Symbol; mso-fareast-font-family: Symbol; mso-bidi-font-family: Symbol; mso-ansi-language: NL;\">\u00b7<span style=\"font-variant-numeric: normal; font-variant-east-asian: normal; font-variant-alternates: normal; font-size-adjust: none; font-kerning: auto; font-optical-sizing: auto; font-feature-settings: normal; font-variation-settings: normal; font-variant-position: normal; font-variant-emoji: normal; font-stretch: normal; font-size: 7pt; line-height: normal; font-family: 'Times New Roman';\">&nbsp;&nbsp;&nbsp;&nbsp;&nbsp;&nbsp; <\/span><\/span><!--[endif]--><span lang=\"NL\">Pulchri Studio, Den Haag<\/span><\/p>\n<p style=\"text-indent: -18.0pt; mso-list: l0 level1 lfo1;\"><!-- [if !supportLists]--><span lang=\"NL\" style=\"font-family: Symbol; mso-fareast-font-family: Symbol; mso-bidi-font-family: Symbol; mso-ansi-language: NL;\">\u00b7<span style=\"font-variant-numeric: normal; font-variant-east-asian: normal; font-variant-alternates: normal; font-size-adjust: none; font-kerning: auto; font-optical-sizing: auto; font-feature-settings: normal; font-variation-settings: normal; font-variant-position: normal; font-variant-emoji: normal; font-stretch: normal; font-size: 7pt; line-height: normal; font-family: 'Times New Roman';\">&nbsp;&nbsp;&nbsp;&nbsp;&nbsp;&nbsp; <\/span><\/span><!--[endif]--><span lang=\"NL\">Voormalig Museum voor Hedendaagse Kunst,<br>Utrecht <\/span><\/p>\n<p style=\"text-indent: -18.0pt; mso-list: l0 level1 lfo1;\"><!-- [if !supportLists]--><span lang=\"NL\" style=\"font-family: Symbol; mso-fareast-font-family: Symbol; mso-bidi-font-family: Symbol; mso-ansi-language: NL;\">\u00b7<span style=\"font-variant-numeric: normal; font-variant-east-asian: normal; font-variant-alternates: normal; font-size-adjust: none; font-kerning: auto; font-optical-sizing: auto; font-feature-settings: normal; font-variation-settings: normal; font-variant-position: normal; font-variant-emoji: normal; font-stretch: normal; font-size: 7pt; line-height: normal; font-family: 'Times New Roman';\">&nbsp;&nbsp;&nbsp;&nbsp;&nbsp;&nbsp; <\/span><\/span><!--[endif]--><span lang=\"NL\">Raadhuis, Schoonhoven<\/span><\/p>\n<p style=\"text-indent: -18.0pt; mso-list: l0 level1 lfo1;\"><!-- [if !supportLists]--><span lang=\"NL\" style=\"font-family: Symbol; mso-fareast-font-family: Symbol; mso-bidi-font-family: Symbol; mso-ansi-language: NL;\">\u00b7<span style=\"font-variant-numeric: normal; font-variant-east-asian: normal; font-variant-alternates: normal; font-size-adjust: none; font-kerning: auto; font-optical-sizing: auto; font-feature-settings: normal; font-variation-settings: normal; font-variant-position: normal; font-variant-emoji: normal; font-stretch: normal; font-size: 7pt; line-height: normal; font-family: 'Times New Roman';\">&nbsp;&nbsp;&nbsp;&nbsp;&nbsp;&nbsp; <\/span><\/span><!--[endif]--><span lang=\"NL\">Gemeentehuis Capelle a\/d IJssel<\/span><\/p>\n<p><img decoding=\"async\" class=\"size-medium wp-image-646 aligncenter\" src=\"https:\/\/therese-uytenborg.nl\/wp-content\/uploads\/2025\/09\/Picture2-300x225.jpg\" alt=\"\" width=\"300\" height=\"225\" srcset=\"https:\/\/therese-uytenborg.nl\/wp-content\/uploads\/2025\/09\/Picture2-300x225.jpg 300w, https:\/\/therese-uytenborg.nl\/wp-content\/uploads\/2025\/09\/Picture2-1024x768.jpg 1024w, https:\/\/therese-uytenborg.nl\/wp-content\/uploads\/2025\/09\/Picture2-768x576.jpg 768w, https:\/\/therese-uytenborg.nl\/wp-content\/uploads\/2025\/09\/Picture2.jpg 1379w\" sizes=\"(max-width: 300px) 100vw, 300px\" \/><\/p>\n<p><img loading=\"lazy\" decoding=\"async\" class=\"size-medium wp-image-647 aligncenter\" src=\"https:\/\/therese-uytenborg.nl\/wp-content\/uploads\/2025\/09\/Picture3-300x225.jpg\" alt=\"\" width=\"300\" height=\"225\" srcset=\"https:\/\/therese-uytenborg.nl\/wp-content\/uploads\/2025\/09\/Picture3-300x225.jpg 300w, https:\/\/therese-uytenborg.nl\/wp-content\/uploads\/2025\/09\/Picture3-1024x768.jpg 1024w, https:\/\/therese-uytenborg.nl\/wp-content\/uploads\/2025\/09\/Picture3-768x576.jpg 768w, https:\/\/therese-uytenborg.nl\/wp-content\/uploads\/2025\/09\/Picture3.jpg 1379w\" sizes=\"(max-width: 300px) 100vw, 300px\" \/><\/p>\n<p style=\"text-indent: -18.0pt; mso-list: l0 level1 lfo1;\"><span lang=\"NL\">&nbsp;<\/span><\/p>\n<p><b>Contact:<\/b><\/p>\n<p><span style=\"font-size: 1rem;\">Th\u00e9r\u00e8se<\/span><span style=\"font-size: 1rem;\">&nbsp;<\/span>woont en werkt in Krimpen aan den IJssel<\/p>\n<p>Atelier aan huis.<\/p>\n<p><b>Telefoonnummer:<\/b>&nbsp;<span style=\"font-size: 1rem; -webkit-text-size-adjust: 100%;\">0180-510637&nbsp;<\/span><\/p>\n<p><span style=\"font-size: 1rem; -webkit-text-size-adjust: 100%;\">&nbsp; &nbsp; &nbsp; &nbsp; &nbsp; &nbsp; &nbsp; &nbsp; &nbsp; &nbsp; &nbsp; &nbsp; &nbsp; &nbsp; &nbsp; &nbsp; &nbsp;06-33838101<\/span><\/p>\n<p><span style=\"font-size: 1rem; -webkit-text-size-adjust: 100%;\"><b>Mailadres:<\/b> uytenborg@mac.com<\/span><\/p>\n<p><span style=\"font-size: 1rem; -webkit-text-size-adjust: 100%;\">&nbsp; &nbsp; &nbsp; &nbsp; &nbsp; &nbsp; &nbsp; &nbsp; &nbsp; &nbsp; therese.uytenborg@gmail.com<\/span><\/p>\t\t\t\t\t\t\t\t<\/div>\n\t\t\t\t<\/div>\n\t\t\t\t\t<\/div>\n\t\t\t\t<\/div>\n\t\t\t\t<\/div>\n\t\t","protected":false},"excerpt":{"rendered":"<p>Th\u00e9r\u00e8se Uytenborg Th\u00e9r\u00e8se heeft haar opleiding genoten in Frankrijk, de USA en de Vrije Academie in DenHaag. Vooral bij laatstgenoemde vond er, door deelname aan het project \u201cDe lijn\u201d, eenomslag in haar werk plaats.De figuratie werd verlaten en het accent kwam meer te liggen op abstractie.Door veel te experimenteren werd elk thema uitgediept.De nieuwsgierigheid naar [&hellip;]<\/p>\n","protected":false},"author":2,"featured_media":0,"parent":0,"menu_order":0,"comment_status":"closed","ping_status":"closed","template":"","meta":{"footnotes":""},"class_list":["post-95","page","type-page","status-publish","hentry"],"_links":{"self":[{"href":"https:\/\/therese-uytenborg.nl\/index.php?rest_route=\/wp\/v2\/pages\/95","targetHints":{"allow":["GET"]}}],"collection":[{"href":"https:\/\/therese-uytenborg.nl\/index.php?rest_route=\/wp\/v2\/pages"}],"about":[{"href":"https:\/\/therese-uytenborg.nl\/index.php?rest_route=\/wp\/v2\/types\/page"}],"author":[{"embeddable":true,"href":"https:\/\/therese-uytenborg.nl\/index.php?rest_route=\/wp\/v2\/users\/2"}],"replies":[{"embeddable":true,"href":"https:\/\/therese-uytenborg.nl\/index.php?rest_route=%2Fwp%2Fv2%2Fcomments&post=95"}],"version-history":[{"count":79,"href":"https:\/\/therese-uytenborg.nl\/index.php?rest_route=\/wp\/v2\/pages\/95\/revisions"}],"predecessor-version":[{"id":659,"href":"https:\/\/therese-uytenborg.nl\/index.php?rest_route=\/wp\/v2\/pages\/95\/revisions\/659"}],"wp:attachment":[{"href":"https:\/\/therese-uytenborg.nl\/index.php?rest_route=%2Fwp%2Fv2%2Fmedia&parent=95"}],"curies":[{"name":"wp","href":"https:\/\/api.w.org\/{rel}","templated":true}]}}